{"id":18,"date":"2025-10-18T11:04:12","date_gmt":"2025-10-18T11:04:12","guid":{"rendered":"https:\/\/didembaykalakademi.com\/index.php\/services\/"},"modified":"2026-02-26T09:49:11","modified_gmt":"2026-02-26T09:49:11","slug":"services","status":"publish","type":"page","link":"https:\/\/didembaykalakademi.com\/index.php\/services\/","title":{"rendered":"Services"},"content":{"rendered":"\t\t<div data-elementor-type=\"wp-page\" data-elementor-id=\"18\" class=\"elementor elementor-18\">\n\t\t\t\t<div class=\"elementor-element elementor-element-5d32e5e e-flex e-con-boxed e-con e-parent\" data-id=\"5d32e5e\" data-element_type=\"container\">\n\t\t\t\t\t<div class=\"e-con-inner\">\n\t\t\t\t<div class=\"elementor-element elementor-element-7f48f52 elementor-widget elementor-widget-heading\" data-id=\"7f48f52\" data-element_type=\"widget\" data-widget_type=\"heading.default\">\n\t\t\t\t\t<h2 class=\"elementor-heading-title elementor-size-default\">\/\/ E\u011e\u0130T\u0130MLER\u0130M\u0130Z<\/h2>\t\t\t\t<\/div>\n\t\t\t\t<div class=\"elementor-element elementor-element-cc0929f elementor-widget elementor-widget-html\" data-id=\"cc0929f\" data-element_type=\"widget\" data-widget_type=\"html.default\">\n\t\t\t\t\t<!-- ===== DBAKADEM\u0130 E\u011fitim Kartlar\u0131 (g\u00fcncel) ===== -->\n<section class=\"dbakademi-wrap\">\n\n  <!-- 1 Tekstil Teknolojileri ve Temel Tekstil Bilgisi -->\n  <article class=\"course-card\">\n    <div class=\"course-text\">\n      <h2>Tekstil Teknolojileri ve Temel Tekstil Bilgisi<\/h2>\n      <p>Temel tekstil altyap\u0131s\u0131 almak isteyenler i\u00e7indir.<\/p>\n      <ul>\n        <li>Toplam ders s\u00fcresi 32 saat; 24sa online, 8sa at\u00f6lye<\/li>\n        <li>Elyaftan mamule kuma\u015f\u0131n t\u00fcm \u00fcretim a\u015famalar\u0131 i\u015flenir<\/li>\n      <\/ul>\n      <a class=\"btn\" href=\"https:\/\/didembaykalakademi.com\/index.php\/tekstil-teknolojileri-ve-temel-kumas-bilgisi-egitimi\/\">Detayl\u0131 Bilgi Al!<\/a>\n    <\/div>\n    <div class=\"course-media\">\n      <img decoding=\"async\" src=\"https:\/\/images.pexels.com\/photos\/6461513\/pexels-photo-6461513.jpeg\" alt=\"\">\n    <\/div>\n  <\/article>\n\n  <!-- 2 Dokuma Kuma\u015f Desinat\u00f6rl\u00fc\u011f\u00fc -->\n  <article class=\"course-card\">\n    <div class=\"course-text\">\n      <h2>Dokuma Kuma\u015f Desinat\u00f6rl\u00fc\u011f\u00fc<\/h2>\n      <p>Dokuma alan\u0131nda uzmanla\u015fmak ve kendisini geli\u015ftirmek isteyenler i\u00e7indir.<\/p>\n      <ul>\n        <li>Toplam ders s\u00fcresi 24 saat; 12sa online, 12sa at\u00f6lye<\/li>\n        <li>Devam\u0131 i\u00e7in \u00f6zel ders se\u00e7ene\u011fi tercih edilebilir<\/li>\n      <\/ul>\n      <a class=\"btn\" href=\"https:\/\/didembaykalakademi.com\/index.php\/dokuma-kumas-destinatorlugu-egitimi\/\">Detayl\u0131 Bilgi Al!<\/a>\n    <\/div>\n    <div class=\"course-media\">\n      <img decoding=\"async\" src=\"https:\/\/didembaykalakademi.com\/wp-content\/uploads\/2026\/02\/DKD-1.jpg\" alt=\"\">\n    <\/div>\n  <\/article>\n\n  <!-- 3 \u00d6rme Teknolojileri -->\n  <article class=\"course-card\">\n    <div class=\"course-text\">\n      <h2>\u00d6rme Teknolojileri<\/h2>\n      <p>\u00d6rme alan\u0131nda uzmanla\u015fmak ve kendisini geli\u015ftirmek isteyenler i\u00e7indir.<\/p>\n      <ul>\n        <li>Toplam ders s\u00fcresi 24 saat; 12sa online, 12sa at\u00f6lye<\/li>\n        <li>Devam\u0131 i\u00e7in \u00f6zel ders se\u00e7ene\u011fi tercih edilebilir<\/li>\n      <\/ul>\n      <a class=\"btn\" href=\"https:\/\/didembaykalakademi.com\/index.php\/orme-teknolojileri-egitimi\/\">Detayl\u0131 Bilgi Al!<\/a>\n    <\/div>\n    <div class=\"course-media\">\n      <img decoding=\"async\" src=\"https:\/\/images.pexels.com\/photos\/1487703\/pexels-photo-1487703.jpeg\" alt=\"\">\n    <\/div>\n  <\/article>\n\n  <!-- 4 Marka Kurma ve Y\u00f6netme -->\n  <article class=\"course-card\">\n    <div class=\"course-text\">\n      <h2>Marka Kurma ve Y\u00f6netme<\/h2>\n      <p>Kendi markas\u0131n\u0131 kurmak ya da geli\u015ftirmek isteyenler i\u00e7indir.<\/p>\n      <ul>\n        <li>Toplam ders s\u00fcresi 12 saat \/ online<\/li>\n        <li>Marka kimli\u011fi olu\u015fturma, planlama s\u00fcre\u00e7leri, yol haritas\u0131<\/li>\n      <\/ul>\n      <a class=\"btn\" href=\"https:\/\/didembaykalakademi.com\/index.php\/marka-yonetimi-egitimi\/\">Detayl\u0131 Bilgi Al!<\/a>\n    <\/div>\n    <div class=\"course-media\">\n      <img decoding=\"async\" src=\"https:\/\/didembaykalakademi.com\/wp-content\/uploads\/2026\/02\/marka-kurma.jpg\" alt=\"\">\n    <\/div>\n  <\/article>\n\n  <!-- 5 Haz\u0131r Giyimde Koleksiyon Haz\u0131rlama -->\n  <article class=\"course-card\">\n    <div class=\"course-text\">\n      <h2>Haz\u0131r Giyimde Koleksiyon Haz\u0131rlama<\/h2>\n      <p>S\u0131f\u0131rdan koleksiyon haz\u0131rlama s\u00fcre\u00e7leri i\u00e7in.<\/p>\n      <ul>\n        <li>Toplam ders s\u00fcresi 12 saat \/ online<\/li>\n        <li>Moodboard haz\u0131rlama ve yorumlama, trend takibi, sunum<\/li>\n      <\/ul>\n      <a class=\"btn\" href=\"https:\/\/didembaykalakademi.com\/index.php\/hazir-giyimde-koleyksiyon-hazirlama-egitimi\/\">Detayl\u0131 Bilgi Al!<\/a>\n    <\/div>\n    <div class=\"course-media\">\n      <img decoding=\"async\" src=\"https:\/\/didembaykalakademi.com\/wp-content\/uploads\/2026\/02\/hazir-giyimde-koleksiyon.jpg\" alt=\"\">\n    <\/div>\n  <\/article>\n\n  <!-- 6 Ev Tekstilinde Koleksiyon Haz\u0131rlama -->\n  <article class=\"course-card\">\n    <div class=\"course-text\">\n      <h2>Ev Tekstilinde Koleksiyon Haz\u0131rlama<\/h2>\n      <p>S\u0131f\u0131rdan koleksiyon haz\u0131rlama s\u00fcre\u00e7leri i\u00e7in.<\/p>\n      <ul>\n        <li>Toplam ders s\u00fcresi 12 saat \/ online<\/li>\n        <li>Moodboard haz\u0131rlama ve yorumlama, trend takibi, sunum<\/li>\n      <\/ul>\n      <a class=\"btn\" href=\"https:\/\/didembaykalakademi.com\/index.php\/ev-tekstilinde-koleksiyon-hazirlama-egitimi\">Detayl\u0131 Bilgi Al!<\/a>\n    <\/div>\n    <div class=\"course-media\">\n      <img decoding=\"async\" src=\"https:\/\/didembaykalakademi.com\/wp-content\/uploads\/2026\/02\/Ev-tekstili-koleksiyon.jpg\" alt=\"\">\n    <\/div>\n  <\/article>\n\n  <!-- 7 Tekstilde Renk Uzmanl\u0131\u011f\u0131 -->\n  <article class=\"course-card\">\n    <div class=\"course-text\">\n      <h2>Tekstilde Renk Uzmanl\u0131\u011f\u0131<\/h2>\n      <p>Renk bilgisini derinle\u015ftirmek ve uygulamada yetkinle\u015fmek isteyenler i\u00e7indir.<\/p>\n      <ul>\n        <li>Toplam ders s\u00fcresi 8 saat \/ online<\/li>\n        <li>Renk \u00e7emberi ve temel kavramlar; tekstilde renk kullan\u0131m\u0131, y\u00f6netimi ve varyant tasar\u0131m\u0131<\/li>\n      <\/ul>\n      <a class=\"btn\" href=\"https:\/\/didembaykalakademi.com\/index.php\/tekstilde-renk-uzmanligi-egitimi\/\">Detayl\u0131 Bilgi Al!<\/a>\n    <\/div>\n    <div class=\"course-media\">\n      <img decoding=\"async\" src=\"https:\/\/didembaykalakademi.com\/wp-content\/uploads\/2026\/02\/Renk-e1772099065832.jpg\" alt=\"\">\n    <\/div>\n  <\/article>\n\n  <!-- 8 Tekstilde Trend Analizi -->\n  <article class=\"course-card\">\n    <div class=\"course-text\">\n      <h2>Tekstilde Trend Analizi<\/h2>\n      <p>Trend, tema, moodboard ve portfolyo konular\u0131nda geli\u015fmek isteyenler i\u00e7indir.<\/p>\n      <ul>\n        <li>Toplam ders s\u00fcresi 8 saat \/ online<\/li>\n        <li>Rakip ve trend takibi, trend analizi<\/li>\n      <\/ul>\n      <a class=\"btn\" href=\"https:\/\/didembaykalakademi.com\/index.php\/tekstilde-trend-analizi-egitimi\/\">Detayl\u0131 Bilgi Al!<\/a>\n    <\/div>\n    <div class=\"course-media\">\n      <img decoding=\"async\" src=\"https:\/\/didembaykalakademi.com\/wp-content\/uploads\/2026\/02\/Trend.jpg\" alt=\"\">\n    <\/div>\n  <\/article>\n\n  <!-- 9 Tekstil Sekt\u00f6r\u00fcnde S\u00fcrd\u00fcr\u00fclebilirlik -->\n  <article class=\"course-card\">\n    <div class=\"course-text\">\n      <h2>Tekstil Sekt\u00f6r\u00fcnde S\u00fcrd\u00fcr\u00fclebilirlik<\/h2>\n      <p>S\u00fcrd\u00fcr\u00fclebilirlik kavram\u0131na global bak\u0131\u015fla yetkinlik kazanmak isteyenler i\u00e7indir.<\/p>\n      <ul>\n        <li>Toplam ders s\u00fcresi 12 saat \/ online<\/li>\n        <li>T\u00fcrkiye\u2019de ve tekstilde s\u00fcrd\u00fcr\u00fclebilirlik \u00e7al\u0131\u015fmalar\u0131; strateji ve hedefler<\/li>\n      <\/ul>\n      <a class=\"btn\" href=\"https:\/\/didembaykalakademi.com\/index.php\/tekstil-sektorunde-surdurulebilirlik-egitimi\/\">Detayl\u0131 Bilgi Al!<\/a>\n    <\/div>\n    <div class=\"course-media\">\n      <img decoding=\"async\" src=\"https:\/\/didembaykalakademi.com\/wp-content\/uploads\/2026\/02\/surdurulebilirlik-1.jpg\" alt=\"\">\n    <\/div>\n  <\/article>\n\n<\/section>\n\n<style>\n\/* \u00dcst ba\u015fl\u0131k *\/\n.edu-big{\n  font-size:100px;\n  line-height:1;\n  margin:40px 0 60px 0; \/* \u2705 yukar\u0131dan daha az, a\u015fa\u011f\u0131dan bo\u015fluk *\/\n  text-align:center;\n  color:#e9edf3;\n}\n\n\/* mevcut stilleriniz *\/\n.dbakademi-wrap{\n  --bg:#0f1115; --card:#171a21; --muted:#9aa3b2; --text:#e9edf3; --accent:#ff4d4f; --stroke:#2a2f3a;\n  background:var(--bg); color:var(--text); padding:0;\n}\n.course-card{display:grid;grid-template-columns:1.6fr 1.1fr;gap:32px;background:var(--card);border:1px solid var(--stroke);padding:40px 36px;align-items:center;box-shadow:0 6px 20px rgba(0,0,0,.25);margin:0 auto 36px auto;max-width:calc(100% + 120px);margin-left:-60px;margin-right:-60px;border-radius:16px;overflow:hidden;}\n.course-text h2{font-size:clamp(22px,2.8vw,32px);margin:0 0 16px 0;line-height:1.4;letter-spacing:.6px;}\n.course-text p{margin:0 0 20px 0;color:var(--muted);font-size:17px;line-height:1.75;}\n.course-text ul{margin:0 0 24px 0;padding:0;list-style:none;}\n.course-text li{position:relative;padding-left:22px;margin:10px 0;font-size:20px;color:#d8dee9;line-height:1.6;}\n.course-text li::before{content:\"\";width:9px;height:9px;border-radius:50%;background:var(--accent);position:absolute;left:0;top:10px;}\n.btn{display:inline-block;background:var(--accent);color:#fff;text-decoration:none !important;padding:16px 22px;border-radius:10px;font-weight:700;font-size:17px;margin-top:20px;transition:transform .15s ease,opacity .15s ease;}\n.btn:hover{transform:translateY(-1px);opacity:.95;}\n.course-media{width:100%;aspect-ratio:16\/10;}\n.course-media img{width:100%;height:100%;object-fit:cover;display:block;border-radius:12px;}\n@media (max-width:900px){\n  .course-card{grid-template-columns:1fr;padding:28px;gap:20px;margin-left:0;margin-right:0;max-width:100%;}\n  .course-media{aspect-ratio:16\/9;order:-1;}\n  .btn{width:100%;text-align:center;}\n  .edu-big{font-size:56px;}\n}\n<\/style>\t\t\t\t<\/div>\n\t\t\t\t\t<\/div>\n\t\t\t\t<\/div>\n\t\t<div class=\"elementor-element elementor-element-5ce3418 e-flex e-con-boxed e-con e-parent\" data-id=\"5ce3418\" data-element_type=\"container\" data-settings=\"{&quot;background_background&quot;:&quot;classic&quot;}\">\n\t\t\t\t\t<div class=\"e-con-inner\">\n\t\t<div class=\"elementor-element elementor-element-db8b204 e-con-full e-flex e-con e-child\" data-id=\"db8b204\" data-element_type=\"container\" data-settings=\"{&quot;background_background&quot;:&quot;classic&quot;}\">\n\t\t\t\t<div class=\"elementor-element elementor-element-a616ec1 elementor-widget elementor-widget-heading\" data-id=\"a616ec1\" data-element_type=\"widget\" data-widget_type=\"heading.default\">\n\t\t\t\t\t<h2 class=\"elementor-heading-title elementor-size-default\"><a href=\"https:\/\/wa.me\/905445922967\"><a href=\"https:\/\/wa.me\/905445922967\" style=\"text-decoration:none;border-bottom:none;color:inherit\">\n    Hemen \u0130leti\u015fime Ge\u00e7!\n  <\/a><\/a><\/h2>\t\t\t\t<\/div>\n\t\t\t\t<div class=\"elementor-element elementor-element-92f6e3d elementor-position-left elementor-mobile-position-left elementor-view-default elementor-widget elementor-widget-icon-box\" data-id=\"92f6e3d\" data-element_type=\"widget\" data-widget_type=\"icon-box.default\">\n\t\t\t\t\t\t\t<div class=\"elementor-icon-box-wrapper\">\n\n\t\t\t\t\t\t<div class=\"elementor-icon-box-icon\">\n\t\t\t\t<a href=\"https:\/\/wa.me\/905322870540\" class=\"elementor-icon\" tabindex=\"-1\" aria-label=\"&lt;a href=&quot;https:\/\/wa.me\/905445922967&quot; style=&quot;text-decoration:none; border-bottom:none; color:inherit;&quot;&gt;     Whatsapp&#039;dan mesaj at  &lt;\/a&gt;\">\n\t\t\t\t<svg aria-hidden=\"true\" class=\"e-font-icon-svg e-fab-whatsapp\" viewBox=\"0 0 448 512\" xmlns=\"http:\/\/www.w3.org\/2000\/svg\"><path d=\"M380.9 97.1C339 55.1 283.2 32 223.9 32c-122.4 0-222 99.6-222 222 0 39.1 10.2 77.3 29.6 111L0 480l117.7-30.9c32.4 17.7 68.9 27 106.1 27h.1c122.3 0 224.1-99.6 224.1-222 0-59.3-25.2-115-67.1-157zm-157 341.6c-33.2 0-65.7-8.9-94-25.7l-6.7-4-69.8 18.3L72 359.2l-4.4-7c-18.5-29.4-28.2-63.3-28.2-98.2 0-101.7 82.8-184.5 184.6-184.5 49.3 0 95.6 19.2 130.4 54.1 34.8 34.9 56.2 81.2 56.1 130.5 0 101.8-84.9 184.6-186.6 184.6zm101.2-138.2c-5.5-2.8-32.8-16.2-37.9-18-5.1-1.9-8.8-2.8-12.5 2.8-3.7 5.6-14.3 18-17.6 21.8-3.2 3.7-6.5 4.2-12 1.4-32.6-16.3-54-29.1-75.5-66-5.7-9.8 5.7-9.1 16.3-30.3 1.8-3.7.9-6.9-.5-9.7-1.4-2.8-12.5-30.1-17.1-41.2-4.5-10.8-9.1-9.3-12.5-9.5-3.2-.2-6.9-.2-10.6-.2-3.7 0-9.7 1.4-14.8 6.9-5.1 5.6-19.4 19-19.4 46.3 0 27.3 19.9 53.7 22.6 57.4 2.8 3.7 39.1 59.7 94.8 83.8 35.2 15.2 49 16.5 66.6 13.9 10.7-1.6 32.8-13.4 37.4-26.4 4.6-13 4.6-24.1 3.2-26.4-1.3-2.5-5-3.9-10.5-6.6z\"><\/path><\/svg>\t\t\t\t<\/a>\n\t\t\t<\/div>\n\t\t\t\n\t\t\t\t\t\t<div class=\"elementor-icon-box-content\">\n\n\t\t\t\t\t\t\t\t\t<span class=\"elementor-icon-box-title\">\n\t\t\t\t\t\t<a href=\"https:\/\/wa.me\/905322870540\" >\n\t\t\t\t\t\t\t<a href=\"https:\/\/wa.me\/905445922967\" style=\"text-decoration:none;border-bottom:none;color:inherit\">     Whatsapp'dan mesaj at  <\/a>\t\t\t\t\t\t<\/a>\n\t\t\t\t\t<\/span>\n\t\t\t\t\n\t\t\t\t\n\t\t\t<\/div>\n\t\t\t\n\t\t<\/div>\n\t\t\t\t\t\t<\/div>\n\t\t\t\t<\/div>\n\t\t\t\t\t<\/div>\n\t\t\t\t<\/div>\n\t\t\t\t<\/div>\n\t\t","protected":false},"excerpt":{"rendered":"<p>\/\/ E\u011e\u0130T\u0130MLER\u0130M\u0130Z Tekstil Teknolojileri ve Temel Tekstil Bilgisi Temel tekstil altyap\u0131s\u0131 almak isteyenler i\u00e7indir. Toplam ders s\u00fcresi 32 saat; 24sa [&hellip;]<\/p>\n","protected":false},"author":1,"featured_media":0,"parent":0,"menu_order":0,"comment_status":"closed","ping_status":"closed","template":"","meta":{"_uag_custom_page_level_css":"","site-sidebar-layout":"no-sidebar","site-content-layout":"","ast-site-content-layout":"full-width-container","site-content-style":"default","site-sidebar-style":"default","ast-global-header-display":"","ast-banner-title-visibility":"","ast-main-header-display":"","ast-hfb-above-header-display":"","ast-hfb-below-header-display":"","ast-hfb-mobile-header-display":"","site-post-title":"disabled","ast-breadcrumbs-content":"","ast-featured-img":"disabled","footer-sml-layout":"","theme-transparent-header-meta":"","adv-header-id-meta":"","stick-header-meta":"","header-above-stick-meta":"","header-main-stick-meta":"","header-below-stick-meta":"","astra-migrate-meta-layouts":"default","ast-page-background-enabled":"default","ast-page-background-meta":{"desktop":{"background-color":"var(--ast-global-color-4)","background-image":"","background-repeat":"repeat","background-position":"center center","background-size":"auto","background-attachment":"scroll","background-type":"","background-media":"","overlay-type":"","overlay-color":"","overlay-opacity":"","overlay-gradient":""},"tablet":{"background-color":"","background-image":"","background-repeat":"repeat","background-position":"center center","background-size":"auto","background-attachment":"scroll","background-type":"","background-media":"","overlay-type":"","overlay-color":"","overlay-opacity":"","overlay-gradient":""},"mobile":{"background-color":"","background-image":"","background-repeat":"repeat","background-position":"center center","background-size":"auto","background-attachment":"scroll","background-type":"","background-media":"","overlay-type":"","overlay-color":"","overlay-opacity":"","overlay-gradient":""}},"ast-content-background-meta":{"desktop":{"background-color":"var(--ast-global-color-5)","background-image":"","background-repeat":"repeat","background-position":"center center","background-size":"auto","background-attachment":"scroll","background-type":"","background-media":"","overlay-type":"","overlay-color":"","overlay-opacity":"","overlay-gradient":""},"tablet":{"background-color":"var(--ast-global-color-5)","background-image":"","background-repeat":"repeat","background-position":"center center","background-size":"auto","background-attachment":"scroll","background-type":"","background-media":"","overlay-type":"","overlay-color":"","overlay-opacity":"","overlay-gradient":""},"mobile":{"background-color":"var(--ast-global-color-5)","background-image":"","background-repeat":"repeat","background-position":"center center","background-size":"auto","background-attachment":"scroll","background-type":"","background-media":"","overlay-type":"","overlay-color":"","overlay-opacity":"","overlay-gradient":""}},"footnotes":""},"class_list":["post-18","page","type-page","status-publish","hentry"],"yoast_head":"<!-- This site is optimized with the Yoast SEO plugin v26.1.1 - https:\/\/yoast.com\/wordpress\/plugins\/seo\/ -->\n<title>Services - Didem Baykal Akademi - Kuma\u015f Tasar\u0131m Akademisi<\/title>\n<meta name=\"robots\" content=\"index, follow, max-snippet:-1, max-image-preview:large, max-video-preview:-1\" \/>\n<link rel=\"canonical\" href=\"https:\/\/didembaykalakademi.com\/index.php\/services\/\" \/>\n<meta property=\"og:locale\" content=\"tr_TR\" \/>\n<meta property=\"og:type\" content=\"article\" \/>\n<meta property=\"og:title\" content=\"Services - Didem Baykal Akademi - Kuma\u015f Tasar\u0131m Akademisi\" \/>\n<meta property=\"og:description\" content=\"\/\/ E\u011e\u0130T\u0130MLER\u0130M\u0130Z Tekstil Teknolojileri ve Temel Tekstil Bilgisi Temel tekstil altyap\u0131s\u0131 almak isteyenler i\u00e7indir. Toplam ders s\u00fcresi 32 saat; 24sa [&hellip;]\" \/>\n<meta property=\"og:url\" content=\"https:\/\/didembaykalakademi.com\/index.php\/services\/\" \/>\n<meta property=\"og:site_name\" content=\"Didem Baykal Akademi - Kuma\u015f Tasar\u0131m Akademisi\" \/>\n<meta property=\"article:modified_time\" content=\"2026-02-26T09:49:11+00:00\" \/>\n<meta property=\"og:image\" content=\"https:\/\/images.pexels.com\/photos\/6461513\/pexels-photo-6461513.jpeg\" \/>\n<meta name=\"twitter:card\" content=\"summary_large_image\" \/>\n<meta name=\"twitter:label1\" content=\"Tahmini okuma s\u00fcresi\" \/>\n\t<meta name=\"twitter:data1\" content=\"5 dakika\" \/>\n<script type=\"application\/ld+json\" class=\"yoast-schema-graph\">{\"@context\":\"https:\/\/schema.org\",\"@graph\":[{\"@type\":\"WebPage\",\"@id\":\"https:\/\/didembaykalakademi.com\/index.php\/services\/\",\"url\":\"https:\/\/didembaykalakademi.com\/index.php\/services\/\",\"name\":\"Services - Didem Baykal Akademi - Kuma\u015f Tasar\u0131m Akademisi\",\"isPartOf\":{\"@id\":\"https:\/\/didembaykalakademi.com\/#website\"},\"primaryImageOfPage\":{\"@id\":\"https:\/\/didembaykalakademi.com\/index.php\/services\/#primaryimage\"},\"image\":{\"@id\":\"https:\/\/didembaykalakademi.com\/index.php\/services\/#primaryimage\"},\"thumbnailUrl\":\"https:\/\/images.pexels.com\/photos\/6461513\/pexels-photo-6461513.jpeg\",\"datePublished\":\"2025-10-18T11:04:12+00:00\",\"dateModified\":\"2026-02-26T09:49:11+00:00\",\"breadcrumb\":{\"@id\":\"https:\/\/didembaykalakademi.com\/index.php\/services\/#breadcrumb\"},\"inLanguage\":\"tr\",\"potentialAction\":[{\"@type\":\"ReadAction\",\"target\":[\"https:\/\/didembaykalakademi.com\/index.php\/services\/\"]}]},{\"@type\":\"ImageObject\",\"inLanguage\":\"tr\",\"@id\":\"https:\/\/didembaykalakademi.com\/index.php\/services\/#primaryimage\",\"url\":\"https:\/\/images.pexels.com\/photos\/6461513\/pexels-photo-6461513.jpeg\",\"contentUrl\":\"https:\/\/images.pexels.com\/photos\/6461513\/pexels-photo-6461513.jpeg\"},{\"@type\":\"BreadcrumbList\",\"@id\":\"https:\/\/didembaykalakademi.com\/index.php\/services\/#breadcrumb\",\"itemListElement\":[{\"@type\":\"ListItem\",\"position\":1,\"name\":\"Anasayfa\",\"item\":\"https:\/\/didembaykalakademi.com\/\"},{\"@type\":\"ListItem\",\"position\":2,\"name\":\"Services\"}]},{\"@type\":\"WebSite\",\"@id\":\"https:\/\/didembaykalakademi.com\/#website\",\"url\":\"https:\/\/didembaykalakademi.com\/\",\"name\":\"Didem Baykal Akademi - Kuma\u015f Tasar\u0131m Akademisi\",\"description\":\"Didem Baykal Akademi - Kuma\u015f Tasar\u0131m Akademisi\",\"publisher\":{\"@id\":\"https:\/\/didembaykalakademi.com\/#organization\"},\"alternateName\":\"Didem Baykal Akademi - Kuma\u015f Tasar\u0131m Akademisi\",\"potentialAction\":[{\"@type\":\"SearchAction\",\"target\":{\"@type\":\"EntryPoint\",\"urlTemplate\":\"https:\/\/didembaykalakademi.com\/?s={search_term_string}\"},\"query-input\":{\"@type\":\"PropertyValueSpecification\",\"valueRequired\":true,\"valueName\":\"search_term_string\"}}],\"inLanguage\":\"tr\"},{\"@type\":\"Organization\",\"@id\":\"https:\/\/didembaykalakademi.com\/#organization\",\"name\":\"Didem Baykal Akademi - Kuma\u015f Tasar\u0131m Akademisi\",\"alternateName\":\"Didem Baykal Akademi - Kuma\u015f Tasar\u0131m Akademisi\",\"url\":\"https:\/\/didembaykalakademi.com\/\",\"logo\":{\"@type\":\"ImageObject\",\"inLanguage\":\"tr\",\"@id\":\"https:\/\/didembaykalakademi.com\/#\/schema\/logo\/image\/\",\"url\":\"https:\/\/didembaykalakademi.com\/wp-content\/uploads\/2025\/10\/Yeni-Proje-37.png\",\"contentUrl\":\"https:\/\/didembaykalakademi.com\/wp-content\/uploads\/2025\/10\/Yeni-Proje-37.png\",\"width\":540,\"height\":167,\"caption\":\"Didem Baykal Akademi - Kuma\u015f Tasar\u0131m Akademisi\"},\"image\":{\"@id\":\"https:\/\/didembaykalakademi.com\/#\/schema\/logo\/image\/\"}}]}<\/script>\n<!-- \/ Yoast SEO plugin. -->","yoast_head_json":{"title":"Services - Didem Baykal Akademi - Kuma\u015f Tasar\u0131m Akademisi","robots":{"index":"index","follow":"follow","max-snippet":"max-snippet:-1","max-image-preview":"max-image-preview:large","max-video-preview":"max-video-preview:-1"},"canonical":"https:\/\/didembaykalakademi.com\/index.php\/services\/","og_locale":"tr_TR","og_type":"article","og_title":"Services - Didem Baykal Akademi - Kuma\u015f Tasar\u0131m Akademisi","og_description":"\/\/ E\u011e\u0130T\u0130MLER\u0130M\u0130Z Tekstil Teknolojileri ve Temel Tekstil Bilgisi Temel tekstil altyap\u0131s\u0131 almak isteyenler i\u00e7indir. Toplam ders s\u00fcresi 32 saat; 24sa [&hellip;]","og_url":"https:\/\/didembaykalakademi.com\/index.php\/services\/","og_site_name":"Didem Baykal Akademi - Kuma\u015f Tasar\u0131m Akademisi","article_modified_time":"2026-02-26T09:49:11+00:00","og_image":[{"url":"https:\/\/images.pexels.com\/photos\/6461513\/pexels-photo-6461513.jpeg","type":"","width":"","height":""}],"twitter_card":"summary_large_image","twitter_misc":{"Tahmini okuma s\u00fcresi":"5 dakika"},"schema":{"@context":"https:\/\/schema.org","@graph":[{"@type":"WebPage","@id":"https:\/\/didembaykalakademi.com\/index.php\/services\/","url":"https:\/\/didembaykalakademi.com\/index.php\/services\/","name":"Services - Didem Baykal Akademi - Kuma\u015f Tasar\u0131m Akademisi","isPartOf":{"@id":"https:\/\/didembaykalakademi.com\/#website"},"primaryImageOfPage":{"@id":"https:\/\/didembaykalakademi.com\/index.php\/services\/#primaryimage"},"image":{"@id":"https:\/\/didembaykalakademi.com\/index.php\/services\/#primaryimage"},"thumbnailUrl":"https:\/\/images.pexels.com\/photos\/6461513\/pexels-photo-6461513.jpeg","datePublished":"2025-10-18T11:04:12+00:00","dateModified":"2026-02-26T09:49:11+00:00","breadcrumb":{"@id":"https:\/\/didembaykalakademi.com\/index.php\/services\/#breadcrumb"},"inLanguage":"tr","potentialAction":[{"@type":"ReadAction","target":["https:\/\/didembaykalakademi.com\/index.php\/services\/"]}]},{"@type":"ImageObject","inLanguage":"tr","@id":"https:\/\/didembaykalakademi.com\/index.php\/services\/#primaryimage","url":"https:\/\/images.pexels.com\/photos\/6461513\/pexels-photo-6461513.jpeg","contentUrl":"https:\/\/images.pexels.com\/photos\/6461513\/pexels-photo-6461513.jpeg"},{"@type":"BreadcrumbList","@id":"https:\/\/didembaykalakademi.com\/index.php\/services\/#breadcrumb","itemListElement":[{"@type":"ListItem","position":1,"name":"Anasayfa","item":"https:\/\/didembaykalakademi.com\/"},{"@type":"ListItem","position":2,"name":"Services"}]},{"@type":"WebSite","@id":"https:\/\/didembaykalakademi.com\/#website","url":"https:\/\/didembaykalakademi.com\/","name":"Didem Baykal Akademi - Kuma\u015f Tasar\u0131m Akademisi","description":"Didem Baykal Akademi - Kuma\u015f Tasar\u0131m Akademisi","publisher":{"@id":"https:\/\/didembaykalakademi.com\/#organization"},"alternateName":"Didem Baykal Akademi - Kuma\u015f Tasar\u0131m Akademisi","potentialAction":[{"@type":"SearchAction","target":{"@type":"EntryPoint","urlTemplate":"https:\/\/didembaykalakademi.com\/?s={search_term_string}"},"query-input":{"@type":"PropertyValueSpecification","valueRequired":true,"valueName":"search_term_string"}}],"inLanguage":"tr"},{"@type":"Organization","@id":"https:\/\/didembaykalakademi.com\/#organization","name":"Didem Baykal Akademi - Kuma\u015f Tasar\u0131m Akademisi","alternateName":"Didem Baykal Akademi - Kuma\u015f Tasar\u0131m Akademisi","url":"https:\/\/didembaykalakademi.com\/","logo":{"@type":"ImageObject","inLanguage":"tr","@id":"https:\/\/didembaykalakademi.com\/#\/schema\/logo\/image\/","url":"https:\/\/didembaykalakademi.com\/wp-content\/uploads\/2025\/10\/Yeni-Proje-37.png","contentUrl":"https:\/\/didembaykalakademi.com\/wp-content\/uploads\/2025\/10\/Yeni-Proje-37.png","width":540,"height":167,"caption":"Didem Baykal Akademi - Kuma\u015f Tasar\u0131m Akademisi"},"image":{"@id":"https:\/\/didembaykalakademi.com\/#\/schema\/logo\/image\/"}}]}},"uagb_featured_image_src":{"full":false,"thumbnail":false,"medium":false,"medium_large":false,"large":false,"1536x1536":false,"2048x2048":false},"uagb_author_info":{"display_name":"admin","author_link":"https:\/\/didembaykalakademi.com\/index.php\/author\/admin_yka2j7ku\/"},"uagb_comment_info":0,"uagb_excerpt":"\/\/ E\u011e\u0130T\u0130MLER\u0130M\u0130Z Tekstil Teknolojileri ve Temel Tekstil Bilgisi Temel tekstil altyap\u0131s\u0131 almak isteyenler i\u00e7indir. Toplam ders s\u00fcresi 32 saat; 24sa [&hellip;]","_links":{"self":[{"href":"https:\/\/didembaykalakademi.com\/index.php\/wp-json\/wp\/v2\/pages\/18","targetHints":{"allow":["GET"]}}],"collection":[{"href":"https:\/\/didembaykalakademi.com\/index.php\/wp-json\/wp\/v2\/pages"}],"about":[{"href":"https:\/\/didembaykalakademi.com\/index.php\/wp-json\/wp\/v2\/types\/page"}],"author":[{"embeddable":true,"href":"https:\/\/didembaykalakademi.com\/index.php\/wp-json\/wp\/v2\/users\/1"}],"replies":[{"embeddable":true,"href":"https:\/\/didembaykalakademi.com\/index.php\/wp-json\/wp\/v2\/comments?post=18"}],"version-history":[{"count":48,"href":"https:\/\/didembaykalakademi.com\/index.php\/wp-json\/wp\/v2\/pages\/18\/revisions"}],"predecessor-version":[{"id":1329,"href":"https:\/\/didembaykalakademi.com\/index.php\/wp-json\/wp\/v2\/pages\/18\/revisions\/1329"}],"wp:attachment":[{"href":"https:\/\/didembaykalakademi.com\/index.php\/wp-json\/wp\/v2\/media?parent=18"}],"curies":[{"name":"wp","href":"https:\/\/api.w.org\/{rel}","templated":true}]}}